{"id":1212,"date":"2022-01-22T13:46:26","date_gmt":"2022-01-22T19:46:26","guid":{"rendered":"https:\/\/www.keplerconstructora.mx\/site\/?page_id=1212"},"modified":"2022-04-02T12:41:56","modified_gmt":"2022-04-02T18:41:56","slug":"bolsa-de-trabajo","status":"publish","type":"page","link":"https:\/\/www.keplerconstructora.mx\/en\/bolsa-de-trabajo\/","title":{"rendered":"Human Resources"},"content":{"rendered":"<style>#kt-layout-id_da42bf-b6 > .kt-row-column-wrap{align-content:start;}:where(#kt-layout-id_da42bf-b6 > .kt-row-column-wrap) > .wp-block-kadence-column{justify-content:start;}#kt-layout-id_da42bf-b6 > .kt-row-column-wrap{column-gap:var(--global-kb-gap-md, 2rem);row-gap:var(--global-kb-gap-md, 2rem);padding-top:var( --global-kb-row-default-top, 25px );padding-bottom:var( --global-kb-row-default-bottom, 25px );padding-top:231px;padding-bottom:123px;grid-template-columns:minmax(0, 1fr);}#kt-layout-id_da42bf-b6 > .kt-row-layout-overlay{opacity:0.00;background-color:#ffffff;mix-blend-mode:luminosity;}@media all and (max-width: 1024px){#kt-layout-id_da42bf-b6 > .kt-row-column-wrap{grid-template-columns:minmax(0, 1fr);}}@media all and (max-width: 767px){#kt-layout-id_da42bf-b6 > .kt-row-column-wrap{grid-template-columns:minmax(0, 1fr);}}<\/style>\n<div class=\"wp-block-kadence-rowlayout alignnone\"><div id=\"kt-layout-id_da42bf-b6\" class=\"kt-row-layout-inner kt-row-has-bg kt-layout-id_da42bf-b6 has-theme-palette-3-background-color\"><div class=\"kt-row-layout-overlay kt-row-overlay-normal\"><\/div><div class=\"kt-row-column-wrap kt-has-1-columns kt-gutter-default kt-v-gutter-default kt-row-valign-top kt-row-layout-equal kt-tab-layout-inherit kt-m-colapse-left-to-right kt-mobile-layout-row\"><style>.kadence-column_1faf04-7f > .kt-inside-inner-col{display:flex;}.kadence-column_1faf04-7f > .kt-inside-inner-col{border-top-width:0px;border-right-width:0px;border-bottom-width:0px;border-left-width:0px;}.kadence-column_1faf04-7f > .kt-inside-inner-col,.kadence-column_1faf04-7f > .kt-inside-inner-col:before{border-top-left-radius:0px;border-top-right-radius:0px;border-bottom-right-radius:0px;border-bottom-left-radius:0px;}.kadence-column_1faf04-7f > .kt-inside-inner-col{column-gap:var(--global-kb-gap-sm, 1rem);}.kadence-column_1faf04-7f > .kt-inside-inner-col{flex-direction:column;justify-content:center;}.kadence-column_1faf04-7f > .kt-inside-inner-col > .aligncenter{width:100%;}.kt-row-column-wrap > .kadence-column_1faf04-7f{align-self:center;}.kt-inner-column-height-full:not(.kt-has-1-columns) > .wp-block-kadence-column.kadence-column_1faf04-7f{align-self:auto;}.kt-inner-column-height-full:not(.kt-has-1-columns) > .wp-block-kadence-column.kadence-column_1faf04-7f > .kt-inside-inner-col{flex-direction:column;justify-content:center;}.kadence-column_1faf04-7f > .kt-inside-inner-col:before{opacity:0.3;}.kadence-column_1faf04-7f{position:relative;}@media all and (max-width: 1024px){.kt-row-column-wrap > .kadence-column_1faf04-7f{align-self:center;}}@media all and (max-width: 1024px){.kt-inner-column-height-full:not(.kt-has-1-columns) > .wp-block-kadence-column.kadence-column_1faf04-7f{align-self:auto;}}@media all and (max-width: 1024px){.kt-inner-column-height-full:not(.kt-has-1-columns) > .wp-block-kadence-column.kadence-column_1faf04-7f > .kt-inside-inner-col{flex-direction:column;justify-content:center;}}@media all and (max-width: 1024px){.kadence-column_1faf04-7f > .kt-inside-inner-col{flex-direction:column;justify-content:center;}}@media all and (max-width: 767px){.kt-row-column-wrap > .kadence-column_1faf04-7f{align-self:center;}.kt-inner-column-height-full:not(.kt-has-1-columns) > .wp-block-kadence-column.kadence-column_1faf04-7f{align-self:auto;}.kt-inner-column-height-full:not(.kt-has-1-columns) > .wp-block-kadence-column.kadence-column_1faf04-7f > .kt-inside-inner-col{flex-direction:column;justify-content:center;}.kadence-column_1faf04-7f > .kt-inside-inner-col{flex-direction:column;justify-content:center;}}<\/style>\n<div class=\"wp-block-kadence-column inner-column-1 kadence-column_1faf04-7f\"><div class=\"kt-inside-inner-col\"><style>.wp-block-kadence-advancedheading.kt-adv-heading_6b2f2c-ec, .wp-block-kadence-advancedheading.kt-adv-heading_6b2f2c-ec[data-kb-block=\"kb-adv-heading_6b2f2c-ec\"]{padding-bottom:20px;text-align:center;font-size:38px;font-style:normal;}.wp-block-kadence-advancedheading.kt-adv-heading_6b2f2c-ec mark.kt-highlight, .wp-block-kadence-advancedheading.kt-adv-heading_6b2f2c-ec[data-kb-block=\"kb-adv-heading_6b2f2c-ec\"] mark.kt-highlight{font-style:normal;color:#f76a0c;-webkit-box-decoration-break:clone;box-decoration-break:clone;padding-top:0px;padding-right:0px;padding-bottom:0px;padding-left:0px;}.wp-block-kadence-advancedheading.kt-adv-heading_6b2f2c-ec img.kb-inline-image, .wp-block-kadence-advancedheading.kt-adv-heading_6b2f2c-ec[data-kb-block=\"kb-adv-heading_6b2f2c-ec\"] img.kb-inline-image{width:150px;vertical-align:baseline;}<\/style>\n<h6 class=\"kt-adv-heading_6b2f2c-ec slide-in-blurred-left wp-block-kadence-advancedheading has-theme-palette-1-color has-text-color\" data-kb-block=\"kb-adv-heading_6b2f2c-ec\">Quiero trabajar en Kepler<\/h6>\n\n\n<style>#kt-layout-id_c7f855-ce > .kt-row-column-wrap{align-content:start;}:where(#kt-layout-id_c7f855-ce > .kt-row-column-wrap) > .wp-block-kadence-column{justify-content:start;}#kt-layout-id_c7f855-ce > .kt-row-column-wrap{column-gap:var(--global-kb-gap-md, 2rem);row-gap:var(--global-kb-gap-md, 2rem);padding-top:var( --global-kb-row-default-top, 25px );padding-bottom:var( --global-kb-row-default-bottom, 25px );padding-top:var(--global-kb-spacing-sm, 1.5rem);padding-bottom:var(--global-kb-spacing-sm, 1.5rem);grid-template-columns:repeat(2, minmax(0, 1fr));}#kt-layout-id_c7f855-ce > .kt-row-layout-overlay{opacity:0.30;}@media all and (max-width: 1024px){#kt-layout-id_c7f855-ce > .kt-row-column-wrap{grid-template-columns:repeat(2, minmax(0, 1fr));}}@media all and (max-width: 767px){#kt-layout-id_c7f855-ce > .kt-row-column-wrap{grid-template-columns:minmax(0, 1fr);}}<\/style>\n<div class=\"wp-block-kadence-rowlayout alignnone\"><div id=\"kt-layout-id_c7f855-ce\" class=\"kt-row-layout-inner kt-layout-id_c7f855-ce\"><div class=\"kt-row-column-wrap kt-has-2-columns kt-gutter-default kt-v-gutter-default kt-row-valign-top kt-row-layout-equal kt-tab-layout-inherit kt-m-colapse-left-to-right kt-mobile-layout-row\"><style>.kadence-column_1d6e61-02 > .kt-inside-inner-col{border-top-width:0px;border-right-width:0px;border-bottom-width:0px;border-left-width:0px;}.kadence-column_1d6e61-02 > .kt-inside-inner-col,.kadence-column_1d6e61-02 > .kt-inside-inner-col:before{border-top-left-radius:0px;border-top-right-radius:0px;border-bottom-right-radius:0px;border-bottom-left-radius:0px;}.kadence-column_1d6e61-02 > .kt-inside-inner-col{column-gap:var(--global-kb-gap-sm, 1rem);}.kadence-column_1d6e61-02 > .kt-inside-inner-col{flex-direction:column;}.kadence-column_1d6e61-02 > .kt-inside-inner-col > .aligncenter{width:100%;}.kadence-column_1d6e61-02 > .kt-inside-inner-col:before{opacity:0.3;}.kadence-column_1d6e61-02{position:relative;}@media all and (max-width: 1024px){.kadence-column_1d6e61-02 > .kt-inside-inner-col{flex-direction:column;justify-content:center;}}@media all and (max-width: 767px){.kadence-column_1d6e61-02 > .kt-inside-inner-col{flex-direction:column;justify-content:center;}}<\/style>\n<div class=\"wp-block-kadence-column inner-column-1 kadence-column_1d6e61-02\" data-aos=\"fade-right\" data-aos-duration=\"800\"><div class=\"kt-inside-inner-col\"><style>.wp-block-kadence-column.kb-section-dir-horizontal > .kt-inside-inner-col > #kt-info-box_2a46c5-09 .kt-blocks-info-box-link-wrap{max-width:unset;}#kt-info-box_2a46c5-09 .kt-blocks-info-box-link-wrap{border-top-width:0px;border-right-width:0px;border-bottom-width:0px;border-left-width:0px;background:rgba(255, 255, 255, 0);padding-top:24px;padding-right:24px;padding-bottom:24px;padding-left:24px;}#kt-info-box_2a46c5-09 .kt-blocks-info-box-link-wrap:hover{background:rgba(255, 255, 255, 0);}#kt-info-box_2a46c5-09 .kadence-info-box-icon-container .kt-info-svg-icon, #kt-info-box_2a46c5-09 .kt-info-svg-icon-flip, #kt-info-box_2a46c5-09 .kt-blocks-info-box-number{font-size:50px;}#kt-info-box_2a46c5-09 .kt-blocks-info-box-media{color:var(--global-palette7, #EDF2F7);background:transparent;border-color:#eeeeee;border-radius:200px;overflow:hidden;border-top-width:0px;border-right-width:0px;border-bottom-width:0px;border-left-width:0px;padding-top:20px;padding-right:20px;padding-bottom:20px;padding-left:20px;margin-top:0px;margin-right:20px;margin-bottom:0px;margin-left:0px;}#kt-info-box_2a46c5-09 .kt-blocks-info-box-media .kadence-info-box-image-intrisic img{border-radius:200px;}#kt-info-box_2a46c5-09 .kt-blocks-info-box-link-wrap:hover .kt-blocks-info-box-media{color:var(--global-palette7, #EDF2F7);background:transparent;border-color:#eeeeee;}#kt-info-box_2a46c5-09 .kt-infobox-textcontent h2.kt-blocks-info-box-title{color:var(--global-palette8, #F7FAFC);padding-top:0px;padding-right:0px;padding-bottom:0px;padding-left:0px;margin-top:5px;margin-right:0px;margin-bottom:10px;margin-left:0px;}#kt-info-box_2a46c5-09 .kt-infobox-textcontent .kt-blocks-info-box-text{color:var(--global-palette7, #EDF2F7);}#kt-info-box_2a46c5-09 .kt-blocks-info-box-learnmore{background:transparent;border-width:0px 0px 0px 0px;padding-top:4px;padding-right:8px;padding-bottom:4px;padding-left:8px;margin-top:10px;margin-right:0px;margin-bottom:10px;margin-left:0px;}<\/style>\n<div id=\"kt-info-box_2a46c5-09\" class=\"wp-block-kadence-infobox\"><a class=\"kt-blocks-info-box-link-wrap info-box-link kt-blocks-info-box-media-align-left kt-info-halign-left\" href=\"tel:55 8503 6965\"><div class=\"kt-blocks-info-box-media-container\"><div class=\"kt-blocks-info-box-media kt-info-media-animate-none\"><div class=\"kadence-info-box-icon-container kt-info-icon-animate-none\"><div class=\"kadence-info-box-icon-inner-container\"><span style=\"display:block;justify-content:center;align-items:center\" class=\"kt-info-svg-icon kt-info-svg-icon-fe_phoneCall\"><svg style=\"display:inline-block;vertical-align:middle\" viewbox=\"0 0 24 24\" height=\"50\" width=\"50\" fill=\"none\" stroke=\"currentColor\" xmlns=\"http:\/\/www.w3.org\/2000\/svg\" stroke-width=\"2\" stroke-linecap=\"round\" stroke-linejoin=\"round\" aria-hidden=\"true\"><path d=\"M15.05 5A5 5 0 0 1 19 8.95M15.05 1A9 9 0 0 1 23 8.94m-1 7.98v3a2 2 0 0 1-2.18 2 19.79 19.79 0 0 1-8.63-3.07 19.5 19.5 0 0 1-6-6 19.79 19.79 0 0 1-3.07-8.67A2 2 0 0 1 4.11 2h3a2 2 0 0 1 2 1.72 12.84 12.84 0 0 0 .7 2.81 2 2 0 0 1-.45 2.11L8.09 9.91a16 16 0 0 0 6 6l1.27-1.27a2 2 0 0 1 2.11-.45 12.84 12.84 0 0 0 2.81.7A2 2 0 0 1 22 16.92z\"><\/path><\/svg><\/span><\/div><\/div><\/div><\/div><div class=\"kt-infobox-textcontent\"><h2 class=\"kt-blocks-info-box-title\">Bolsa de Trabajo<\/h2><p class=\"kt-blocks-info-box-text\">Tel: 55 8503 6965<\/p><\/div><\/a><\/div>\n\n\n<style>.wp-block-kadence-column.kb-section-dir-horizontal > .kt-inside-inner-col > #kt-info-box_347b9e-99 .kt-blocks-info-box-link-wrap{max-width:unset;}#kt-info-box_347b9e-99 .kt-blocks-info-box-link-wrap{border-top-width:0px;border-right-width:0px;border-bottom-width:0px;border-left-width:0px;background:rgba(255, 255, 255, 0);padding-top:24px;padding-right:24px;padding-bottom:24px;padding-left:24px;}#kt-info-box_347b9e-99 .kt-blocks-info-box-link-wrap:hover{background:rgba(255, 255, 255, 0);}#kt-info-box_347b9e-99 .kadence-info-box-icon-container .kt-info-svg-icon, #kt-info-box_347b9e-99 .kt-info-svg-icon-flip, #kt-info-box_347b9e-99 .kt-blocks-info-box-number{font-size:50px;}#kt-info-box_347b9e-99 .kt-blocks-info-box-media{color:var(--global-palette7, #EDF2F7);background:transparent;border-color:#eeeeee;border-radius:200px;overflow:hidden;border-top-width:0px;border-right-width:0px;border-bottom-width:0px;border-left-width:0px;padding-top:20px;padding-right:20px;padding-bottom:20px;padding-left:20px;margin-top:0px;margin-right:20px;margin-bottom:0px;margin-left:0px;}#kt-info-box_347b9e-99 .kt-blocks-info-box-media .kadence-info-box-image-intrisic img{border-radius:200px;}#kt-info-box_347b9e-99 .kt-blocks-info-box-link-wrap:hover .kt-blocks-info-box-media{color:var(--global-palette7, #EDF2F7);background:transparent;border-color:#eeeeee;}#kt-info-box_347b9e-99 .kt-infobox-textcontent h2.kt-blocks-info-box-title{color:var(--global-palette8, #F7FAFC);padding-top:0px;padding-right:0px;padding-bottom:0px;padding-left:0px;margin-top:5px;margin-right:0px;margin-bottom:10px;margin-left:0px;}#kt-info-box_347b9e-99 .kt-infobox-textcontent .kt-blocks-info-box-text{color:var(--global-palette7, #EDF2F7);}#kt-info-box_347b9e-99 .kt-blocks-info-box-learnmore{background:transparent;border-width:0px 0px 0px 0px;padding-top:4px;padding-right:8px;padding-bottom:4px;padding-left:8px;margin-top:10px;margin-right:0px;margin-bottom:10px;margin-left:0px;}<\/style>\n<div id=\"kt-info-box_347b9e-99\" class=\"wp-block-kadence-infobox\"><a class=\"kt-blocks-info-box-link-wrap info-box-link kt-blocks-info-box-media-align-left kt-info-halign-left\" href=\"tel:55 8503 6900\"><div class=\"kt-blocks-info-box-media-container\"><div class=\"kt-blocks-info-box-media kt-info-media-animate-none\"><div class=\"kadence-info-box-icon-container kt-info-icon-animate-none\"><div class=\"kadence-info-box-icon-inner-container\"><span style=\"display:block;justify-content:center;align-items:center\" class=\"kt-info-svg-icon kt-info-svg-icon-fe_phoneCall\"><svg style=\"display:inline-block;vertical-align:middle\" viewbox=\"0 0 24 24\" height=\"50\" width=\"50\" fill=\"none\" stroke=\"currentColor\" xmlns=\"http:\/\/www.w3.org\/2000\/svg\" stroke-width=\"2\" stroke-linecap=\"round\" stroke-linejoin=\"round\" aria-hidden=\"true\"><path d=\"M15.05 5A5 5 0 0 1 19 8.95M15.05 1A9 9 0 0 1 23 8.94m-1 7.98v3a2 2 0 0 1-2.18 2 19.79 19.79 0 0 1-8.63-3.07 19.5 19.5 0 0 1-6-6 19.79 19.79 0 0 1-3.07-8.67A2 2 0 0 1 4.11 2h3a2 2 0 0 1 2 1.72 12.84 12.84 0 0 0 .7 2.81 2 2 0 0 1-.45 2.11L8.09 9.91a16 16 0 0 0 6 6l1.27-1.27a2 2 0 0 1 2.11-.45 12.84 12.84 0 0 0 2.81.7A2 2 0 0 1 22 16.92z\"><\/path><\/svg><\/span><\/div><\/div><\/div><\/div><div class=\"kt-infobox-textcontent\"><h2 class=\"kt-blocks-info-box-title\">Conmutador<\/h2><p class=\"kt-blocks-info-box-text\">Tel: 55 8503 6900<\/p><\/div><\/a><\/div>\n\n\n<style>.wp-block-kadence-column.kb-section-dir-horizontal > .kt-inside-inner-col > #kt-info-box_38e920-1a .kt-blocks-info-box-link-wrap{max-width:unset;}#kt-info-box_38e920-1a .kt-blocks-info-box-link-wrap{border-top-width:0px;border-right-width:0px;border-bottom-width:0px;border-left-width:0px;background:rgba(255, 255, 255, 0);padding-top:24px;padding-right:24px;padding-bottom:24px;padding-left:24px;}#kt-info-box_38e920-1a .kt-blocks-info-box-link-wrap:hover{background:rgba(255, 255, 255, 0);}#kt-info-box_38e920-1a .kadence-info-box-icon-container .kt-info-svg-icon, #kt-info-box_38e920-1a .kt-info-svg-icon-flip, #kt-info-box_38e920-1a .kt-blocks-info-box-number{font-size:50px;}#kt-info-box_38e920-1a .kt-blocks-info-box-media{color:var(--global-palette7, #EDF2F7);background:transparent;border-color:#eeeeee;border-radius:200px;overflow:hidden;border-top-width:0px;border-right-width:0px;border-bottom-width:0px;border-left-width:0px;padding-top:20px;padding-right:20px;padding-bottom:20px;padding-left:20px;margin-top:0px;margin-right:20px;margin-bottom:0px;margin-left:0px;}#kt-info-box_38e920-1a .kt-blocks-info-box-media .kadence-info-box-image-intrisic img{border-radius:200px;}#kt-info-box_38e920-1a .kt-blocks-info-box-link-wrap:hover .kt-blocks-info-box-media{color:var(--global-palette7, #EDF2F7);background:transparent;border-color:#eeeeee;}#kt-info-box_38e920-1a .kt-infobox-textcontent h2.kt-blocks-info-box-title{color:#dccd59;font-size:24px;padding-top:0px;padding-right:0px;padding-bottom:0px;padding-left:0px;margin-top:5px;margin-right:0px;margin-bottom:10px;margin-left:0px;}#kt-info-box_38e920-1a .kt-infobox-textcontent .kt-blocks-info-box-text{color:var(--global-palette7, #EDF2F7);}#kt-info-box_38e920-1a .kt-blocks-info-box-learnmore{background:transparent;border-width:0px 0px 0px 0px;padding-top:4px;padding-right:8px;padding-bottom:4px;padding-left:8px;margin-top:10px;margin-right:0px;margin-bottom:10px;margin-left:0px;}<\/style>\n<div id=\"kt-info-box_38e920-1a\" class=\"wp-block-kadence-infobox\"><div class=\"kt-blocks-info-box-link-wrap kt-blocks-info-box-media-align-left kt-info-halign-left\"><div class=\"kt-blocks-info-box-media-container\"><div class=\"kt-blocks-info-box-media kt-info-media-animate-none\"><div class=\"kadence-info-box-icon-container kt-info-icon-animate-none\"><div class=\"kadence-info-box-icon-inner-container\"><span style=\"display:block;justify-content:center;align-items:center\" class=\"kt-info-svg-icon kt-info-svg-icon-fe_clock\"><svg style=\"display:inline-block;vertical-align:middle\" viewbox=\"0 0 24 24\" height=\"50\" width=\"50\" fill=\"none\" stroke=\"currentColor\" xmlns=\"http:\/\/www.w3.org\/2000\/svg\" stroke-width=\"2\" stroke-linecap=\"round\" stroke-linejoin=\"round\" aria-hidden=\"true\"><circle cx=\"12\" cy=\"12\" r=\"10\"><\/circle><polyline points=\"12 6 12 12 16 14\"><\/polyline><\/svg><\/span><\/div><\/div><\/div><\/div><div class=\"kt-infobox-textcontent\"><h2 class=\"kt-blocks-info-box-title\">Horario de atenci\u00f3n<\/h2><p class=\"kt-blocks-info-box-text\">Lunes a Viernes 8:00 \u2013 16:30 hrs.<\/p><\/div><\/div><\/div>\n<\/div><\/div>\n\n\n<style>.kadence-column_3bba38-c8 > .kt-inside-inner-col{border-top-width:0px;border-right-width:0px;border-bottom-width:0px;border-left-width:0px;}.kadence-column_3bba38-c8 > .kt-inside-inner-col,.kadence-column_3bba38-c8 > .kt-inside-inner-col:before{border-top-left-radius:0px;border-top-right-radius:0px;border-bottom-right-radius:0px;border-bottom-left-radius:0px;}.kadence-column_3bba38-c8 > .kt-inside-inner-col{column-gap:var(--global-kb-gap-sm, 1rem);}.kadence-column_3bba38-c8 > .kt-inside-inner-col{flex-direction:column;}.kadence-column_3bba38-c8 > .kt-inside-inner-col > .aligncenter{width:100%;}.kadence-column_3bba38-c8 > .kt-inside-inner-col{background-color:var(--global-palette9, #ffffff);}.kadence-column_3bba38-c8 > .kt-inside-inner-col:before{opacity:0.3;}.kadence-column_3bba38-c8{position:relative;}@media all and (max-width: 1024px){.kadence-column_3bba38-c8 > .kt-inside-inner-col{flex-direction:column;justify-content:center;}}@media all and (max-width: 767px){.kadence-column_3bba38-c8 > .kt-inside-inner-col{flex-direction:column;justify-content:center;}}<\/style>\n<div class=\"wp-block-kadence-column inner-column-2 kadence-column_3bba38-c8\" data-aos=\"fade-left\" data-aos-duration=\"800\" data-aos-delay=\"400\"><div class=\"kt-inside-inner-col\">\n<div class=\"wpcf7 no-js\" id=\"wpcf7-f1889-o1\" lang=\"es-ES\" dir=\"ltr\" data-wpcf7-id=\"1889\">\n<div class=\"screen-reader-response\"><p role=\"status\" aria-live=\"polite\" aria-atomic=\"true\"><\/p> <ul><\/ul><\/div>\n<form action=\"\/en\/wp-json\/wp\/v2\/pages\/1212#wpcf7-f1889-o1\" method=\"post\" class=\"wpcf7-form init\" aria-label=\"Formulario de contacto\" novalidate=\"novalidate\" data-status=\"init\">\n<fieldset class=\"hidden-fields-container\"><input type=\"hidden\" name=\"_wpcf7\" value=\"1889\" \/><input type=\"hidden\" name=\"_wpcf7_version\" value=\"6.1.5\" \/><input type=\"hidden\" name=\"_wpcf7_locale\" value=\"es_ES\" \/><input type=\"hidden\" name=\"_wpcf7_unit_tag\" value=\"wpcf7-f1889-o1\" \/><input type=\"hidden\" name=\"_wpcf7_container_post\" value=\"0\" \/><input type=\"hidden\" name=\"_wpcf7_posted_data_hash\" value=\"\" \/><input type=\"hidden\" name=\"_wpcf7_recaptcha_response\" value=\"\" \/>\n<\/fieldset>\n<div id=\"responsive-form\" class=\"clearfix\">\n\t<div class=\"form-row\">\n\t\t<div class=\"column-full\">\n\t\t\t<p><span class=\"wpcf7-form-control-wrap\" data-name=\"nombre\"><input size=\"40\" maxlength=\"400\" class=\"wpcf7-form-control wpcf7-text wpcf7-validates-as-required\" aria-required=\"true\" aria-invalid=\"false\" placeholder=\"*Nombre\" value=\"\" type=\"text\" name=\"nombre\" \/><\/span>\n\t\t\t<\/p>\n\t\t<\/div>\n\t<\/div>\n\t<div class=\"form-row\">\n\t\t<div class=\"column-half\">\n\t\t\t<p><span class=\"wpcf7-form-control-wrap\" data-name=\"email\"><input size=\"40\" maxlength=\"400\" class=\"wpcf7-form-control wpcf7-email wpcf7-validates-as-required wpcf7-text wpcf7-validates-as-email\" aria-required=\"true\" aria-invalid=\"false\" placeholder=\"*E-Mail\" value=\"\" type=\"email\" name=\"email\" \/><\/span>\n\t\t\t<\/p>\n\t\t<\/div>\n\t\t<div class=\"column-half\">\n\t\t\t<p><span class=\"wpcf7-form-control-wrap\" data-name=\"telefono\"><input size=\"40\" maxlength=\"400\" class=\"wpcf7-form-control wpcf7-text\" aria-invalid=\"false\" placeholder=\"Tel\u00e9fono\" value=\"\" type=\"text\" name=\"telefono\" \/><\/span>\n\t\t\t<\/p>\n\t\t<\/div>\n\t<\/div>\n\t<div class=\"form-row\">\n\t\t<div class=\"column-full\">\n\t\t\t<p><span class=\"wpcf7-form-control-wrap\" data-name=\"mensaje\"><textarea cols=\"40\" rows=\"10\" maxlength=\"2000\" class=\"wpcf7-form-control wpcf7-textarea\" aria-invalid=\"false\" placeholder=\"Mensaje\" name=\"mensaje\"><\/textarea><\/span>\n\t\t\t<\/p>\n\t\t<\/div>\n\t<\/div>\n\t<div class=\"form-row\">\n\t\t<div class=\"column-full\">\n\t\t\t<p>Adjuntar Curr\u00edculum (PDF, Word \u00f3 Powerpoint) m\u00e1x. 10 Mb\n\t\t\t<\/p>\n\t\t<\/div>\n\t\t<div class=\"column-full\">\n\t\t\t<p><span class=\"wpcf7-form-control-wrap\" data-name=\"upload-file-157\"><input size=\"40\" class=\"wpcf7-form-control wpcf7-drag-n-drop-file d-none\" aria-required=\"true\" aria-invalid=\"false\" type=\"file\" multiple=\"multiple\" data-name=\"upload-file-157\" data-type=\"jpg|doc|docx|zip|ppt|pptx|pdf|xls|xlsx\" data-limit=\"10485760\" data-min=\"1\" data-max=\"2\" data-id=\"1889\" data-version=\"free version 1.3.9.7\" accept=\".jpg, .doc, .docx, .zip, .ppt, .pptx, .pdf, .xls, .xlsx\" \/><\/span>\n\t\t\t<\/p>\n\t\t<\/div>\n\t<\/div>\n\t<div class=\"form-row\">\n\t\t<div class=\"column-full\">\n\t\t\t<p><input class=\"wpcf7-form-control wpcf7-submit has-spinner\" type=\"submit\" value=\"Enviar\" \/>\n\t\t\t<\/p>\n\t\t<\/div>\n\t<\/div>\n<\/div><!--end responsive-form--><div class=\"wpcf7-response-output\" aria-hidden=\"true\"><\/div>\n<\/form>\n<\/div>\n\n<\/div><\/div>\n<\/div><\/div><\/div>\n<\/div><\/div>\n<\/div><\/div><\/div>\n","protected":false},"excerpt":{"rendered":"<p>I want to work at Kepler<\/p>","protected":false},"author":1,"featured_media":0,"parent":0,"menu_order":0,"comment_status":"closed","ping_status":"closed","template":"","meta":{"inline_featured_image":false,"_kad_blocks_custom_css":"","_kad_blocks_head_custom_js":"","_kad_blocks_body_custom_js":"","_kad_blocks_footer_custom_js":"","_kadence_starter_templates_imported_post":true,"_kad_post_transparent":"enable","_kad_post_title":"hide","_kad_post_layout":"fullwidth","_kad_post_sidebar_id":"","_kad_post_content_style":"unboxed","_kad_post_vertical_padding":"hide","_kad_post_feature":"hide","_kad_post_feature_position":"","_kad_post_header":false,"_kad_post_footer":false,"_kad_post_classname":"","footnotes":""},"class_list":["post-1212","page","type-page","status-publish","hentry"],"taxonomy_info":[],"featured_image_src_large":false,"author_info":{"display_name":"admin","author_link":"https:\/\/www.keplerconstructora.mx\/en\/author\/editor\/"},"comment_info":0,"_links":{"self":[{"href":"https:\/\/www.keplerconstructora.mx\/en\/wp-json\/wp\/v2\/pages\/1212","targetHints":{"allow":["GET"]}}],"collection":[{"href":"https:\/\/www.keplerconstructora.mx\/en\/wp-json\/wp\/v2\/pages"}],"about":[{"href":"https:\/\/www.keplerconstructora.mx\/en\/wp-json\/wp\/v2\/types\/page"}],"author":[{"embeddable":true,"href":"https:\/\/www.keplerconstructora.mx\/en\/wp-json\/wp\/v2\/users\/1"}],"replies":[{"embeddable":true,"href":"https:\/\/www.keplerconstructora.mx\/en\/wp-json\/wp\/v2\/comments?post=1212"}],"version-history":[{"count":10,"href":"https:\/\/www.keplerconstructora.mx\/en\/wp-json\/wp\/v2\/pages\/1212\/revisions"}],"predecessor-version":[{"id":1894,"href":"https:\/\/www.keplerconstructora.mx\/en\/wp-json\/wp\/v2\/pages\/1212\/revisions\/1894"}],"wp:attachment":[{"href":"https:\/\/www.keplerconstructora.mx\/en\/wp-json\/wp\/v2\/media?parent=1212"}],"curies":[{"name":"wp","href":"https:\/\/api.w.org\/{rel}","templated":true}]}}